{"id":9,"date":"2024-07-14T16:55:03","date_gmt":"2024-07-14T16:55:03","guid":{"rendered":"https:\/\/www.blastsounds.com\/?page_id=9"},"modified":"2024-08-13T00:26:19","modified_gmt":"2024-08-13T00:26:19","slug":"blast-sounds","status":"publish","type":"page","link":"https:\/\/www.blastsounds.com\/","title":{"rendered":"BLAST"},"content":{"rendered":"\t\t<div data-elementor-type=\"wp-page\" data-elementor-id=\"9\" class=\"elementor elementor-9\">\n\t\t\t\t<div class=\"elementor-element elementor-element-1661c6aa e-flex e-con-boxed e-con e-parent\" data-id=\"1661c6aa\" data-element_type=\"container\" data-e-type=\"container\">\n\t\t\t\t\t<div class=\"e-con-inner\">\n\t\t\t\t<div class=\"elementor-element elementor-element-af43156 elementor-widget elementor-widget-image\" data-id=\"af43156\" data-element_type=\"widget\" data-e-type=\"widget\" data-widget_type=\"image.default\">\n\t\t\t\t<div class=\"elementor-widget-container\">\n\t\t\t\t\t\t\t\t\t\t\t\t\t\t\t<img fetchpriority=\"high\" decoding=\"async\" width=\"1024\" height=\"538\" src=\"https:\/\/www.blastsounds.com\/wp-content\/uploads\/2024\/07\/Diseno-sin-titulo-8-1024x538.png\" class=\"attachment-large size-large wp-image-16\" alt=\"BLAST SOUNDS\" srcset=\"https:\/\/www.blastsounds.com\/wp-content\/uploads\/2024\/07\/Diseno-sin-titulo-8-1024x538.png 1024w, https:\/\/www.blastsounds.com\/wp-content\/uploads\/2024\/07\/Diseno-sin-titulo-8-300x158.png 300w, https:\/\/www.blastsounds.com\/wp-content\/uploads\/2024\/07\/Diseno-sin-titulo-8-768x403.png 768w, https:\/\/www.blastsounds.com\/wp-content\/uploads\/2024\/07\/Diseno-sin-titulo-8.png 1200w\" sizes=\"(max-width: 1024px) 100vw, 1024px\" \/>\t\t\t\t\t\t\t\t\t\t\t\t\t\t\t<\/div>\n\t\t\t\t<\/div>\n\t\t\t\t<div class=\"elementor-element elementor-element-7b2ce7f0 elementor-widget elementor-widget-text-editor\" data-id=\"7b2ce7f0\" data-element_type=\"widget\" data-e-type=\"widget\" data-widget_type=\"text-editor.default\">\n\t\t\t\t<div class=\"elementor-widget-container\">\n\t\t\t\t\t\t\t\t\t<div id=\"home\" class=\"section\" style=\"padding: 20px;\">\n    <h2 style=\"color: #9B5DE5;\">Bienvenidos a Blast<\/h2>\n    <p>Explora la mejor m\u00fasica, merchandising exclusivo y librer\u00edas de sonidos \u00fanicas en Blast.<\/p>\n<\/div>\t\t\t\t\t\t\t\t<\/div>\n\t\t\t\t<\/div>\n\t\t\t\t\t<\/div>\n\t\t\t\t<\/div>\n\t\t\t\t<\/div>\n\t\t","protected":false},"excerpt":{"rendered":"<p> [&hellip;]<\/p>\n","protected":false},"author":1,"featured_media":0,"parent":0,"menu_order":0,"comment_status":"closed","ping_status":"closed","template":"","meta":{"footnotes":""},"class_list":["post-9","page","type-page","status-publish","hentry"],"_links":{"self":[{"href":"https:\/\/www.blastsounds.com\/index.php\/wp-json\/wp\/v2\/pages\/9","targetHints":{"allow":["GET"]}}],"collection":[{"href":"https:\/\/www.blastsounds.com\/index.php\/wp-json\/wp\/v2\/pages"}],"about":[{"href":"https:\/\/www.blastsounds.com\/index.php\/wp-json\/wp\/v2\/types\/page"}],"author":[{"embeddable":true,"href":"https:\/\/www.blastsounds.com\/index.php\/wp-json\/wp\/v2\/users\/1"}],"replies":[{"embeddable":true,"href":"https:\/\/www.blastsounds.com\/index.php\/wp-json\/wp\/v2\/comments?post=9"}],"version-history":[{"count":11,"href":"https:\/\/www.blastsounds.com\/index.php\/wp-json\/wp\/v2\/pages\/9\/revisions"}],"predecessor-version":[{"id":67,"href":"https:\/\/www.blastsounds.com\/index.php\/wp-json\/wp\/v2\/pages\/9\/revisions\/67"}],"wp:attachment":[{"href":"https:\/\/www.blastsounds.com\/index.php\/wp-json\/wp\/v2\/media?parent=9"}],"curies":[{"name":"wp","href":"https:\/\/api.w.org\/{rel}","templated":true}]}}